{"id":12,"date":"2023-11-16T10:02:22","date_gmt":"2023-11-16T10:02:22","guid":{"rendered":"https:\/\/mauzil.sc3gcut6403.universe.wf\/?page_id=12"},"modified":"2025-02-03T14:53:22","modified_gmt":"2025-02-03T14:53:22","slug":"home","status":"publish","type":"page","link":"https:\/\/mauzil.mu\/en\/","title":{"rendered":"Accueil"},"content":{"rendered":"<div class=\"wp-block-group slider-mob has-global-padding is-layout-constrained wp-block-group-is-layout-constrained\">\n<\/div>\n\n\n\n<div class=\"wp-block-group alignfull has-global-padding is-layout-constrained wp-block-group-is-layout-constrained\" id=\"about-us\" style=\"margin-top:var(--wp--preset--spacing--40);margin-bottom:0\">\n<h2 class=\"wp-block-heading has-text-align-center has-text-color has-link-color has-large-font-size wp-elements-63f299e8b64ae6fc04a40844410a9ace\" style=\"color:#4b7671\">WHO ARE WE<\/h2>\n\n\n\n<h3 class=\"wp-block-heading has-text-align-center is-style-default has-text-color has-link-color has-x-large-font-size wp-elements-73e7a0fa785452a4c578a78d4d29a7dc\" style=\"color:#4b7671;font-style:normal;font-weight:800\">who are we<\/h3>\n\n\n\n<div class=\"wp-block-group has-global-padding is-layout-constrained wp-block-group-is-layout-constrained\" style=\"margin-top:0;margin-bottom:0\">\n<figure data-wp-context=\"{&quot;imageId&quot;:&quot;69ddc12c9de37&quot;}\" data-wp-interactive=\"core\/image\" data-wp-key=\"69ddc12c9de37\" class=\"wp-block-image aligncenter size-full wp-lightbox-container\"><img decoding=\"async\" width=\"57\" height=\"6\" data-wp-class--hide=\"state.isContentHidden\" data-wp-class--show=\"state.isContentVisible\" data-wp-init=\"callbacks.setButtonStyles\" data-wp-on--click=\"actions.showLightbox\" data-wp-on--load=\"callbacks.setButtonStyles\" data-wp-on-window--resize=\"callbacks.setButtonStyles\" src=\"https:\/\/mauzil.mu\/wp-content\/uploads\/2023\/11\/line.png\" alt=\"\" class=\"wp-image-43\"\/><button\n\t\t\tclass=\"lightbox-trigger\"\n\t\t\ttype=\"button\"\n\t\t\taria-haspopup=\"dialog\"\n\t\t\taria-label=\"Enlarge\"\n\t\t\tdata-wp-init=\"callbacks.initTriggerButton\"\n\t\t\tdata-wp-on--click=\"actions.showLightbox\"\n\t\t\tdata-wp-style--right=\"state.imageButtonRight\"\n\t\t\tdata-wp-style--top=\"state.imageButtonTop\"\n\t\t>\n\t\t\t<svg xmlns=\"http:\/\/www.w3.org\/2000\/svg\" width=\"12\" height=\"12\" fill=\"none\" viewbox=\"0 0 12 12\">\n\t\t\t\t<path fill=\"#fff\" d=\"M2 0a2 2 0 0 0-2 2v2h1.5V2a.5.5 0 0 1 .5-.5h2V0H2Zm2 10.5H2a.5.5 0 0 1-.5-.5V8H0v2a2 2 0 0 0 2 2h2v-1.5ZM8 12v-1.5h2a.5.5 0 0 0 .5-.5V8H12v2a2 2 0 0 1-2 2H8Zm2-12a2 2 0 0 1 2 2v2h-1.5V2a.5.5 0 0 0-.5-.5H8V0h2Z\" \/>\n\t\t\t<\/svg>\n\t\t<\/button><\/figure>\n<\/div>\n\n\n\n<div class=\"wp-block-group alignfull is-layout-flow wp-block-group-is-layout-flow\">\n<p class=\"has-text-align-center has-text-color has-link-color wp-elements-652b11f20ab4eedabb0ccf74042ea87b\" style=\"color:#656565;margin-right:var(--wp--preset--spacing--60);margin-left:var(--wp--preset--spacing--60)\">Mauzil is a destination management company in Mauritius, specialising in the organisation of tailor-made trips. With more than 25 years of experience in the tourism industry, we have chosen to do things differently: in a more responsible way, closer to nature, to people, and with a more meaningful and educational approach.<\/p>\n\n\n\n<p class=\"has-text-align-center has-text-color has-link-color wp-elements-72c944b6ee8f72d91d61f295f5be921f\" style=\"color:#656565;margin-right:var(--wp--preset--spacing--60);margin-left:var(--wp--preset--spacing--60)\">We aim to be a true partner to you, helping you grow on the destination. To do so, we are committed to offering you unique experiences, allowing you to enjoy exceptional moments in remarkable places, all with premium, high-quality service.<\/p>\n<\/div>\n<\/div>\n\n\n\n<div class=\"wp-block-group alignfull is-layout-flow wp-block-group-is-layout-flow\" id=\"accomodation\" style=\"margin-top:var(--wp--preset--spacing--40)\">\n<div class=\"wp-block-columns is-not-stacked-on-mobile is-layout-flex wp-container-core-columns-is-layout-8995e50f wp-block-columns-is-layout-flex\" style=\"padding-right:0;padding-left:0\">\n<div class=\"wp-block-column is-vertically-aligned-center is-layout-flow wp-block-column-is-layout-flow\" style=\"padding-right:var(--wp--preset--spacing--30);padding-left:var(--wp--preset--spacing--40);flex-basis:3%\">\n<h3 class=\"wp-block-heading has-text-align-center has-text-color has-link-color wp-elements-96de7eb301215815bdc373fbc50751be\" style=\"color:#4b7671;margin-top:0;margin-right:0;margin-bottom:0;margin-left:0;padding-top:0;padding-right:0;padding-bottom:0;padding-left:0;font-style:normal;font-weight:600;letter-spacing:3px;writing-mode:vertical-rl\">ACCOMODATIONS<\/h3>\n<\/div>\n\n\n\n<div class=\"wp-block-column is-layout-flow wp-block-column-is-layout-flow\">\n<div class=\"wp-block-group is-layout-flow wp-block-group-is-layout-flow has-background\" style=\"margin-top:0;margin-bottom:0;padding-top:var(--wp--preset--spacing--60);padding-right:var(--wp--preset--spacing--60);padding-bottom:var(--wp--preset--spacing--60);padding-left:0;background-image:url(&apos;https:\/\/mauzil.mu\/wp-content\/uploads\/2023\/11\/accomodation.png&apos;);background-size:cover;\">\n<div class=\"wp-block-columns is-layout-flex wp-container-core-columns-is-layout-28f84493 wp-block-columns-is-layout-flex\">\n<div class=\"wp-block-column is-layout-flow wp-block-column-is-layout-flow\" style=\"flex-basis:60%\">\n<div class=\"wp-block-group has-background is-layout-flow wp-block-group-is-layout-flow\" style=\"background-color:#004740d6;padding-top:var(--wp--preset--spacing--30);padding-bottom:var(--wp--preset--spacing--30)\">\n<p class=\"has-base-2-color has-text-color has-link-color wp-elements-23c11adf8ab01e685a6a794776335d2e\" style=\"padding-right:var(--wp--preset--spacing--30);padding-left:var(--wp--preset--spacing--30)\">Mauzil offers a wide range of accommodation options, from luxury hotels to boutique hotels, rustic lodges and private villas for a more intimate stay.<br>Our commitment is to offer you an exceptional accommodation experience, combining comfort, elegance and authenticity.<\/p>\n<\/div>\n<\/div>\n\n\n\n<div class=\"wp-block-column is-layout-flow wp-block-column-is-layout-flow\"><\/div>\n<\/div>\n<\/div>\n<\/div>\n<\/div>\n<\/div>\n\n\n\n<div class=\"wp-block-group alignfull is-layout-flow wp-block-group-is-layout-flow\" id=\"transfers\" style=\"margin-top:0\">\n<div class=\"wp-block-columns is-not-stacked-on-mobile is-layout-flex wp-container-core-columns-is-layout-8995e50f wp-block-columns-is-layout-flex\" style=\"padding-right:0;padding-left:0\">\n<div class=\"wp-block-column is-layout-flow wp-block-column-is-layout-flow\">\n<div class=\"wp-block-group is-layout-flow wp-block-group-is-layout-flow has-background\" style=\"margin-top:0;margin-bottom:0;padding-top:var(--wp--preset--spacing--60);padding-right:0;padding-bottom:var(--wp--preset--spacing--60);padding-left:0;background-image:url(&apos;https:\/\/mauzil.mu\/wp-content\/uploads\/2023\/11\/transfer.png&apos;);background-size:cover;\">\n<div class=\"wp-block-columns is-layout-flex wp-container-core-columns-is-layout-28f84493 wp-block-columns-is-layout-flex\">\n<div class=\"wp-block-column is-layout-flow wp-block-column-is-layout-flow\"><\/div>\n\n\n\n<div class=\"wp-block-column is-layout-flow wp-block-column-is-layout-flow\" style=\"flex-basis:60%\">\n<div class=\"wp-block-group has-background is-layout-flow wp-block-group-is-layout-flow\" style=\"background-color:#004740d6;padding-top:var(--wp--preset--spacing--30);padding-bottom:var(--wp--preset--spacing--30)\">\n<p class=\"has-base-2-color has-text-color has-link-color wp-elements-554988dbb121d0b16c369ae3e03e2b88\" style=\"padding-right:var(--wp--preset--spacing--30);padding-left:var(--wp--preset--spacing--30)\">La premi\u00e8re impression est toujours importante, nous attachons donc beaucoup d\u2019importance \u00e0 la prise en charge de nos clients d\u00e8s leurs arriv\u00e9es \u00e0 l\u2019a\u00e9roport. A notre comptoir d\u2019accueil, nos clients sont dirig\u00e9s vers le transfert de leurs choix : en voiture standard, de luxe, famille, golf, mini bus ou encore&nbsp;en&nbsp;h\u00e9licopt\u00e8re.<\/p>\n<\/div>\n<\/div>\n<\/div>\n<\/div>\n<\/div>\n\n\n\n<div class=\"wp-block-column is-vertically-aligned-center is-layout-flow wp-block-column-is-layout-flow\" style=\"padding-right:var(--wp--preset--spacing--30);padding-left:var(--wp--preset--spacing--30);flex-basis:3%\">\n<h3 class=\"wp-block-heading has-text-align-center has-text-color has-link-color wp-elements-dfb7837b35a84abfaa53e4d9acbf19b9\" style=\"color:#4b7671;margin-top:0;margin-right:0;margin-bottom:0;margin-left:0;padding-top:0;padding-right:0;padding-bottom:0;padding-left:0;font-style:normal;font-weight:600;letter-spacing:3px;writing-mode:vertical-rl\">TRANSFERTS<\/h3>\n<\/div>\n<\/div>\n<\/div>\n\n\n\n<div class=\"wp-block-group alignfull is-layout-flow wp-block-group-is-layout-flow\" id=\"excursions\" style=\"margin-top:0\">\n<div class=\"wp-block-columns is-not-stacked-on-mobile is-layout-flex wp-container-core-columns-is-layout-8995e50f wp-block-columns-is-layout-flex\" style=\"padding-right:0;padding-left:0\">\n<div class=\"wp-block-column is-vertically-aligned-center is-layout-flow wp-block-column-is-layout-flow\" style=\"padding-right:var(--wp--preset--spacing--30);padding-left:var(--wp--preset--spacing--40);flex-basis:3%\">\n<h3 class=\"wp-block-heading has-text-align-center has-text-color has-link-color wp-elements-c807ce8be11e5a4a043fab4694b53cff\" style=\"color:#4b7671;margin-top:0;margin-right:0;margin-bottom:0;margin-left:0;padding-top:0;padding-right:0;padding-bottom:0;padding-left:0;font-style:normal;font-weight:600;letter-spacing:3px;writing-mode:vertical-rl\">ACTIVITIES<\/h3>\n<\/div>\n\n\n\n<div class=\"wp-block-column is-layout-flow wp-block-column-is-layout-flow\">\n<div class=\"wp-block-group is-layout-flow wp-block-group-is-layout-flow has-background\" style=\"margin-top:0;margin-bottom:0;padding-top:var(--wp--preset--spacing--60);padding-right:var(--wp--preset--spacing--60);padding-bottom:var(--wp--preset--spacing--60);padding-left:0;background-image:url(&apos;https:\/\/mauzil.mu\/wp-content\/uploads\/2023\/11\/excursions.png&apos;);background-size:cover;\">\n<div class=\"wp-block-columns is-layout-flex wp-container-core-columns-is-layout-28f84493 wp-block-columns-is-layout-flex\">\n<div class=\"wp-block-column is-layout-flow wp-block-column-is-layout-flow\" style=\"flex-basis:60%\">\n<div class=\"wp-block-group has-background is-layout-flow wp-block-group-is-layout-flow\" style=\"background-color:#004740d6;padding-top:var(--wp--preset--spacing--30);padding-bottom:var(--wp--preset--spacing--30)\">\n<p class=\"has-base-2-color has-text-color has-link-color wp-elements-3ff4de1e4834f36315988773ddbf3f0b\" style=\"padding-right:var(--wp--preset--spacing--30);padding-left:var(--wp--preset--spacing--30)\">Whether you are a nature lover, thrill seeker, foodie in search of local flavours, or looking to connect with the Mauritian people, Mauzil offers a wide range of experiences. From boat trips to hiking and visits to cultural sites, every experience is carefully crafted. Our commitment: authentic and private experiences.<\/p>\n<\/div>\n<\/div>\n\n\n\n<div class=\"wp-block-column is-layout-flow wp-block-column-is-layout-flow\"><\/div>\n<\/div>\n<\/div>\n<\/div>\n<\/div>\n<\/div>\n\n\n\n<div class=\"wp-block-group alignfull is-layout-flow wp-block-group-is-layout-flow\" id=\"weddings\" style=\"margin-top:0\">\n<div class=\"wp-block-columns is-not-stacked-on-mobile is-layout-flex wp-container-core-columns-is-layout-8995e50f wp-block-columns-is-layout-flex\" style=\"padding-right:0;padding-left:0\">\n<div class=\"wp-block-column is-layout-flow wp-block-column-is-layout-flow\">\n<div class=\"wp-block-group is-layout-flow wp-block-group-is-layout-flow has-background\" style=\"margin-top:0;margin-bottom:0;padding-top:var(--wp--preset--spacing--60);padding-right:0;padding-bottom:var(--wp--preset--spacing--60);padding-left:0;background-image:url(&apos;https:\/\/mauzil.mu\/wp-content\/uploads\/2023\/11\/wedding.png&apos;);background-size:cover;\">\n<div class=\"wp-block-columns is-layout-flex wp-container-core-columns-is-layout-28f84493 wp-block-columns-is-layout-flex\">\n<div class=\"wp-block-column is-layout-flow wp-block-column-is-layout-flow\"><\/div>\n\n\n\n<div class=\"wp-block-column is-layout-flow wp-block-column-is-layout-flow\" style=\"flex-basis:60%\">\n<div class=\"wp-block-group has-background is-layout-flow wp-block-group-is-layout-flow\" style=\"background-color:#004740d6;padding-top:var(--wp--preset--spacing--30);padding-bottom:var(--wp--preset--spacing--30)\">\n<p class=\"has-base-2-color has-text-color has-link-color wp-elements-08915ef126f42c7f18a7205c5b3125e2\" style=\"padding-right:var(--wp--preset--spacing--30);padding-left:var(--wp--preset--spacing--30)\">To make this exceptional day truly unforgettable, Mauzil takes care of every detail from start to finish. We handle all administrative formalities. The venue is carefully selected, whether at a hotel or in a more intimate setting such as on a boat, in a villa, or on the beach\u2014by day or by night. Music, bouquet, cake, religious or secular ceremony\u2014 we take care of everything.<\/p>\n<\/div>\n<\/div>\n<\/div>\n<\/div>\n<\/div>\n\n\n\n<div class=\"wp-block-column is-vertically-aligned-center is-layout-flow wp-block-column-is-layout-flow\" style=\"padding-right:var(--wp--preset--spacing--30);padding-left:var(--wp--preset--spacing--30);flex-basis:3%\">\n<h3 class=\"wp-block-heading has-text-align-center has-text-color has-link-color wp-elements-225edf62c21afa92ae241f0f4bf3ab17\" style=\"color:#4b7671;margin-top:0;margin-right:0;margin-bottom:0;margin-left:0;padding-top:0;padding-right:0;padding-bottom:0;padding-left:0;font-style:normal;font-weight:600;letter-spacing:3px;writing-mode:vertical-rl\">MARRIAGES<\/h3>\n<\/div>\n<\/div>\n<\/div>\n\n\n\n<div class=\"wp-block-group alignfull is-layout-flow wp-block-group-is-layout-flow\" id=\"events\" style=\"margin-top:0\">\n<div class=\"wp-block-columns is-not-stacked-on-mobile is-layout-flex wp-container-core-columns-is-layout-8995e50f wp-block-columns-is-layout-flex\" style=\"padding-right:0;padding-left:0\">\n<div class=\"wp-block-column is-vertically-aligned-center is-layout-flow wp-block-column-is-layout-flow\" style=\"padding-right:var(--wp--preset--spacing--30);padding-left:var(--wp--preset--spacing--40);flex-basis:3%\">\n<h3 class=\"wp-block-heading has-text-align-center has-text-color has-link-color wp-elements-02b2c3b4503886c0bfc3e6161dfe0fbf\" style=\"color:#4b7671;margin-top:0;margin-right:0;margin-bottom:0;margin-left:0;padding-top:0;padding-right:0;padding-bottom:0;padding-left:0;font-style:normal;font-weight:600;letter-spacing:3px;writing-mode:vertical-rl\">EVENTS<\/h3>\n<\/div>\n\n\n\n<div class=\"wp-block-column is-layout-flow wp-block-column-is-layout-flow\">\n<div class=\"wp-block-group is-layout-flow wp-block-group-is-layout-flow has-background\" style=\"margin-top:0;margin-bottom:0;padding-top:var(--wp--preset--spacing--60);padding-right:var(--wp--preset--spacing--60);padding-bottom:var(--wp--preset--spacing--60);padding-left:0;background-image:url(&apos;https:\/\/mauzil.mu\/wp-content\/uploads\/2023\/11\/events.png&apos;);background-size:cover;\">\n<div class=\"wp-block-columns is-layout-flex wp-container-core-columns-is-layout-28f84493 wp-block-columns-is-layout-flex\">\n<div class=\"wp-block-column is-layout-flow wp-block-column-is-layout-flow\" style=\"flex-basis:60%\">\n<div class=\"wp-block-group has-background is-layout-flow wp-block-group-is-layout-flow\" style=\"background-color:#004740d6;padding-top:var(--wp--preset--spacing--30);padding-bottom:var(--wp--preset--spacing--30)\">\n<p class=\"has-base-2-color has-text-color has-link-color wp-elements-41653efbe1d233fca0a24c591f324851\" style=\"padding-right:var(--wp--preset--spacing--30);padding-left:var(--wp--preset--spacing--30)\">Discover our exceptional event-planning services. From boat or car rallies to corporate incentives, seminars and even treasure hunts, we turn each of your ideas into reality. Our commitment to tailor-made experiences guarantees something truly unique, and our meticulous attention to detail ensures the success of every event we organise. Trust us to create unforgettable moments, where every aspect is carefully handled by our dedicated team.<\/p>\n<\/div>\n<\/div>\n\n\n\n<div class=\"wp-block-column is-layout-flow wp-block-column-is-layout-flow\"><\/div>\n<\/div>\n<\/div>\n<\/div>\n<\/div>\n<\/div>","protected":false},"excerpt":{"rendered":"<p>QUI SOMMES NOUS \u00e0 propos Mauzil est une agence r\u00e9ceptive \u00e0 l\u2019ile Maurice, sp\u00e9cialis\u00e9e dans l\u2019organisation de s\u00e9jours sur mesure. Avec plus de 25 ans d\u2019exp\u00e9rience dans le domaine touristique, nous optons aujourd\u2019hui pour faire les choses autrement : de fa\u00e7on plus responsable, plus proche de la nature, des gens et plus instructive. Nous aspirons [&hellip;]<\/p>","protected":false},"author":1,"featured_media":0,"parent":0,"menu_order":0,"comment_status":"closed","ping_status":"closed","template":"","meta":{"footnotes":""},"class_list":["post-12","page","type-page","status-publish","hentry"],"_links":{"self":[{"href":"https:\/\/mauzil.mu\/en\/wp-json\/wp\/v2\/pages\/12","targetHints":{"allow":["GET"]}}],"collection":[{"href":"https:\/\/mauzil.mu\/en\/wp-json\/wp\/v2\/pages"}],"about":[{"href":"https:\/\/mauzil.mu\/en\/wp-json\/wp\/v2\/types\/page"}],"author":[{"embeddable":true,"href":"https:\/\/mauzil.mu\/en\/wp-json\/wp\/v2\/users\/1"}],"replies":[{"embeddable":true,"href":"https:\/\/mauzil.mu\/en\/wp-json\/wp\/v2\/comments?post=12"}],"version-history":[{"count":76,"href":"https:\/\/mauzil.mu\/en\/wp-json\/wp\/v2\/pages\/12\/revisions"}],"predecessor-version":[{"id":427,"href":"https:\/\/mauzil.mu\/en\/wp-json\/wp\/v2\/pages\/12\/revisions\/427"}],"wp:attachment":[{"href":"https:\/\/mauzil.mu\/en\/wp-json\/wp\/v2\/media?parent=12"}],"curies":[{"name":"wp","href":"https:\/\/api.w.org\/{rel}","templated":true}]}}